{"id":7130,"date":"2022-07-15T18:56:18","date_gmt":"2022-07-15T16:56:18","guid":{"rendered":"https:\/\/www.ebuyhouse.ch\/?page_id=7130"},"modified":"2022-07-15T19:04:08","modified_gmt":"2022-07-15T17:04:08","slug":"dicono-di-noi","status":"publish","type":"page","link":"https:\/\/ebuyhouse.ch\/en\/it\/dicono-di-noi\/","title":{"rendered":"Dicono di noi"},"content":{"rendered":"<section class=\"l-section wpb_row height_auto with_img\"><div class=\"l-section-img\" role=\"img\" data-img-width=\"2000\" data-img-height=\"324\" style=\"background-image: url(https:\/\/ebuyhouse.ch\/en\/wp-content\/uploads\/2022\/07\/top.jpg);background-position: top center;background-repeat: no-repeat;\"><\/div><div class=\"l-section-h i-cf\"><div class=\"g-cols vc_row via_grid cols_1 laptops-cols_inherit tablets-cols_inherit mobiles-cols_1 valign_top type_default stacking_default\"><div class=\"wpb_column vc_column_container\"><div class=\"vc_column-inner\"><div class=\"w-separator size_custom\" style=\"height:300px\"><\/div><\/div><\/div><\/div><\/div><\/section><section class=\"l-section wpb_row height_medium\"><div class=\"l-section-h i-cf\"><div class=\"g-cols vc_row via_grid cols_1 laptops-cols_inherit tablets-cols_inherit mobiles-cols_1 valign_top type_default stacking_default\"><div class=\"wpb_column vc_column_container\"><div class=\"vc_column-inner\"><div class=\"w-iconbox us_custom_6745946f has_text_color iconpos_top style_default color_primary align_center no_text\"><div class=\"w-iconbox-icon\" style=\"font-size:3rem;\"><i class=\"fal fa-comment-alt\"><\/i><\/div><div class=\"w-iconbox-meta\"><h4 class=\"w-iconbox-title\">DICONO DI NOI<\/h4><\/div><\/div><div class=\"w-separator size_small\"><\/div><div class=\"w-grid type_carousel layout_7071\" id=\"us_grid_1\"><style>.layout_7071 .w-grid-item-h{}.layout_7071 .usg_post_content_1{color:var(--color-content-secondary)!important;text-align:center!important}.layout_7071 .usg_post_custom_field_3{color:var(--color-content-secondary)!important;font-size:3rem!important;line-height:1!important}.layout_7071 .usg_post_custom_field_4{color:var(--color-content-secondary)!important;font-size:3rem!important;line-height:1!important}.layout_7071 .usg_hwrapper_2{position:static!important}.layout_7071 .usg_post_custom_field_1{color:var(--color-content-primary)!important}<\/style><div class=\"w-grid-list owl-carousel valign_middle dotstyle_circle navstyle_circle navpos_outside owl-responsive-2000 with_dots\" style=\"--transition-duration:350ms;\">\t<article class=\"w-grid-item post-5421 us_testimonial type-us_testimonial status-publish has-post-thumbnail hentry\" data-id=\"5421\">\r\n\t\t<div class=\"w-grid-item-h\">\r\n\t\t\t\t\t\t<div class=\"w-hwrapper usg_hwrapper_2 align_center valign_middle\" style=\"--hwrapper-gap:1.20rem\"><div class=\"w-post-elm post_custom_field usg_post_custom_field_4 has_text_color type_text  color_link_inherit\"><i class=\"fal fa-quote-left\"><\/i><span class=\"w-post-elm-value\"><\/span><\/div><div class=\"w-vwrapper usg_vwrapper_3 align_center valign_middle\"><div class=\"w-post-elm post_content usg_post_content_1 has_text_color\"><p>La mia esperienza professionale con Ebuyhouse \u00e8 stata positiva.<br \/>\nNei mie confronti Ebuyhouse si \u00e8 sempre dimostrata con personale educato, disponibili e puntuali nel fornire tutte le informazioni richieste.<\/p>\n<\/div><div class=\"w-post-elm post_custom_field usg_post_custom_field_1 has_text_color type_text us_testimonial_author color_link_inherit\"><span class=\"w-post-elm-value\">Marco F.<\/span><\/div><\/div><div class=\"w-post-elm post_custom_field usg_post_custom_field_3 has_text_color type_text  color_link_inherit\"><i class=\"fal fa-quote-right\"><\/i><span class=\"w-post-elm-value\"><\/span><\/div><\/div>\t\t<\/div>\r\n\t\t\t<\/article>\r\n\t<article class=\"w-grid-item post-5423 us_testimonial type-us_testimonial status-publish has-post-thumbnail hentry\" data-id=\"5423\">\r\n\t\t<div class=\"w-grid-item-h\">\r\n\t\t\t\t\t\t<div class=\"w-hwrapper usg_hwrapper_2 align_center valign_middle\" style=\"--hwrapper-gap:1.20rem\"><div class=\"w-post-elm post_custom_field usg_post_custom_field_4 has_text_color type_text  color_link_inherit\"><i class=\"fal fa-quote-left\"><\/i><span class=\"w-post-elm-value\"><\/span><\/div><div class=\"w-vwrapper usg_vwrapper_3 align_center valign_middle\"><div class=\"w-post-elm post_content usg_post_content_1 has_text_color\"><p>Vorrei esprimere un feedback per la societ\u00e0 Ebuyhouse per Sig. Salvetti e per la Signora Tita. Sono molto soddisfatto dalla loro disponibilit\u00e0 e soprattutto la loro professionalit\u00e0. Grazie mille.<\/p>\n<\/div><div class=\"w-post-elm post_custom_field usg_post_custom_field_1 has_text_color type_text us_testimonial_author color_link_inherit\"><span class=\"w-post-elm-value\">Andrea I.<\/span><\/div><\/div><div class=\"w-post-elm post_custom_field usg_post_custom_field_3 has_text_color type_text  color_link_inherit\"><i class=\"fal fa-quote-right\"><\/i><span class=\"w-post-elm-value\"><\/span><\/div><\/div>\t\t<\/div>\r\n\t\t\t<\/article>\r\n\t<article class=\"w-grid-item post-5420 us_testimonial type-us_testimonial status-publish has-post-thumbnail hentry\" data-id=\"5420\">\r\n\t\t<div class=\"w-grid-item-h\">\r\n\t\t\t\t\t\t<div class=\"w-hwrapper usg_hwrapper_2 align_center valign_middle\" style=\"--hwrapper-gap:1.20rem\"><div class=\"w-post-elm post_custom_field usg_post_custom_field_4 has_text_color type_text  color_link_inherit\"><i class=\"fal fa-quote-left\"><\/i><span class=\"w-post-elm-value\"><\/span><\/div><div class=\"w-vwrapper usg_vwrapper_3 align_center valign_middle\"><div class=\"w-post-elm post_content usg_post_content_1 has_text_color\"><p>Desidero testimoniare la mia piena soddisfazione nei confronti della vostra dipendente, signora Silvia Tita, con cui collaboro da diversi anni. La signora Tita si \u00e8 sempre dimostrata entusiasta del suo lavoro e impegnata per cercare si soddisfare le esigenze dei proprietari e degli inquilini. Puntualmente, curata e disponibile ad ogni incontro, rappresenta un bel biglietto da visita per la vostra agenzia. Gli inquilini che ha trovato per noi non hanno mai tradito le aspettative, a dimostrazione delle competenze, ma anche dell&#8217;intuito della signora Silvia Tita, a cui auguro ulteriori successi lavorativi.<\/p>\n<\/div><div class=\"w-post-elm post_custom_field usg_post_custom_field_1 has_text_color type_text us_testimonial_author color_link_inherit\"><span class=\"w-post-elm-value\">Manuela B.<\/span><\/div><\/div><div class=\"w-post-elm post_custom_field usg_post_custom_field_3 has_text_color type_text  color_link_inherit\"><i class=\"fal fa-quote-right\"><\/i><span class=\"w-post-elm-value\"><\/span><\/div><\/div>\t\t<\/div>\r\n\t\t\t<\/article>\r\n\t<article class=\"w-grid-item post-5422 us_testimonial type-us_testimonial status-publish has-post-thumbnail hentry\" data-id=\"5422\">\r\n\t\t<div class=\"w-grid-item-h\">\r\n\t\t\t\t\t\t<div class=\"w-hwrapper usg_hwrapper_2 align_center valign_middle\" style=\"--hwrapper-gap:1.20rem\"><div class=\"w-post-elm post_custom_field usg_post_custom_field_4 has_text_color type_text  color_link_inherit\"><i class=\"fal fa-quote-left\"><\/i><span class=\"w-post-elm-value\"><\/span><\/div><div class=\"w-vwrapper usg_vwrapper_3 align_center valign_middle\"><div class=\"w-post-elm post_content usg_post_content_1 has_text_color\"><p>Mi sono appoggiata alla vostra societ\u00e0 per affittare due appartamenti . Il vostro referente, in poco tempo, me li ha collocati. Si trattava di oggetti molto particolari, soprattutto quello di 7.5 locali, ma, con molta professionalit\u00e0, impegno e acume , mi avete trovato l\u2019inquilino giusto . In futuro, se avr\u00f2 ancora bisogno, mi affider\u00f2 sicuramente a Voi. Ora Vi consiglio ai miei amici . Grazie Ebuyhouse!<\/p>\n<\/div><div class=\"w-post-elm post_custom_field usg_post_custom_field_1 has_text_color type_text us_testimonial_author color_link_inherit\"><span class=\"w-post-elm-value\">Dafne F.<\/span><\/div><\/div><div class=\"w-post-elm post_custom_field usg_post_custom_field_3 has_text_color type_text  color_link_inherit\"><i class=\"fal fa-quote-right\"><\/i><span class=\"w-post-elm-value\"><\/span><\/div><\/div>\t\t<\/div>\r\n\t\t\t<\/article>\r\n<\/div>\t<div class=\"g-preloader type_1\">\r\n\t\t<div><\/div>\r\n\t<\/div>\r\n\t\t<div class=\"w-grid-json hidden\" onclick='return {&quot;action&quot;:&quot;us_ajax_grid&quot;,&quot;infinite_scroll&quot;:0,&quot;max_num_pages&quot;:1,&quot;pagination&quot;:&quot;none&quot;,&quot;template_vars&quot;:{&quot;columns&quot;:&quot;&quot;,&quot;exclude_items&quot;:&quot;none&quot;,&quot;img_size&quot;:&quot;default&quot;,&quot;ignore_items_size&quot;:&quot;1&quot;,&quot;items_layout&quot;:&quot;7071&quot;,&quot;items_offset&quot;:&quot;0px&quot;,&quot;load_animation&quot;:&quot;none&quot;,&quot;overriding_link&quot;:&quot;{\\&quot;url\\&quot;:\\&quot;\\&quot;}&quot;,&quot;post_id&quot;:0,&quot;query_args&quot;:{&quot;post_type&quot;:[&quot;us_testimonial&quot;],&quot;post_status&quot;:[&quot;publish&quot;,&quot;acf-disabled&quot;,&quot;mapped&quot;,&quot;needs_update&quot;],&quot;posts_per_page&quot;:999},&quot;orderby_query_args&quot;:{&quot;orderby&quot;:{&quot;date&quot;:&quot;DESC&quot;}},&quot;type&quot;:&quot;carousel&quot;,&quot;us_grid_post_type&quot;:&quot;us_testimonial&quot;,&quot;us_grid_ajax_index&quot;:1,&quot;us_grid_filter_query_string&quot;:null,&quot;us_grid_index&quot;:1,&quot;page_args&quot;:[],&quot;lang&quot;:&quot;it&quot;},&quot;carousel_settings&quot;:{&quot;aria_labels&quot;:{&quot;prev&quot;:&quot;Precedente&quot;,&quot;next&quot;:&quot;Prossimo&quot;},&quot;autoplayContinual&quot;:true,&quot;autoplayHoverPause&quot;:false,&quot;autoplayTimeout&quot;:3000,&quot;autoWidth&quot;:false,&quot;smartSpeed&quot;:350,&quot;margin&quot;:0,&quot;mouseDrag&quot;:true,&quot;rtl&quot;:false,&quot;slideBy&quot;:&quot;1&quot;,&quot;touchDrag&quot;:true,&quot;slideTransition&quot;:&quot;&quot;,&quot;animateIn&quot;:&quot;fadeIn&quot;,&quot;animateOut&quot;:&quot;fadeOut&quot;,&quot;responsive&quot;:{&quot;0&quot;:{&quot;autoHeight&quot;:false,&quot;autoplay&quot;:false,&quot;autoWidth&quot;:false,&quot;center&quot;:false,&quot;dots&quot;:false,&quot;items&quot;:1,&quot;loop&quot;:false,&quot;nav&quot;:false,&quot;stagePadding&quot;:0,&quot;slideBy&quot;:&quot;1&quot;},&quot;601&quot;:{&quot;items&quot;:1,&quot;autoplay&quot;:true,&quot;center&quot;:false,&quot;dots&quot;:true,&quot;nav&quot;:false,&quot;autoHeight&quot;:false,&quot;autoWidth&quot;:false,&quot;loop&quot;:true,&quot;stagePadding&quot;:0}}}}'><\/div>\r\n\t<\/div><div class=\"w-separator size_small\"><\/div><div class=\"w-btn-wrapper align_center\"><a class=\"w-btn us-btn-style_3\" title=\"Contatti\" href=\"https:\/\/ebuyhouse.ch\/en\/contatti\/\"><span class=\"w-btn-label\">Contattaci<\/span><\/a><\/div><\/div><\/div><\/div><\/div><\/section>\n","protected":false},"excerpt":{"rendered":"Mi sono appoggiata alla vostra societ\u00e0 per affittare due appartamenti . Il vostro referente, in poco tempo, me li ha collocati. Si trattava di oggetti molto particolari, soprattutto quello di 7.5 locali, ma, con molta professionalit\u00e0, impegno e acume , mi avete trovato l\u2019inquilino giusto . In futuro, se avr\u00f2 ancora bisogno, mi affider\u00f2 sicuramente...","protected":false},"author":1,"featured_media":7085,"parent":0,"menu_order":0,"comment_status":"closed","ping_status":"closed","template":"","meta":{"_acf_changed":false,"footnotes":""},"class_list":["post-7130","page","type-page","status-publish","has-post-thumbnail","hentry"],"acf":[],"yoast_head":"<!-- This site is optimized with the Yoast SEO plugin v27.3 - https:\/\/yoast.com\/product\/yoast-seo-wordpress\/ -->\n<title>Dicono di noi<\/title>\n<meta name=\"robots\" content=\"index, follow, max-snippet:-1, max-image-preview:large, max-video-preview:-1\" \/>\n<link rel=\"canonical\" href=\"https:\/\/ebuyhouse.ch\/en\/it\/dicono-di-noi\/\" \/>\n<meta property=\"og:locale\" content=\"it_IT\" \/>\n<meta property=\"og:type\" content=\"article\" \/>\n<meta property=\"og:title\" content=\"Dicono di noi\" \/>\n<meta property=\"og:url\" content=\"https:\/\/ebuyhouse.ch\/en\/it\/dicono-di-noi\/\" \/>\n<meta property=\"og:site_name\" content=\"Ebuyhouse\" \/>\n<meta property=\"article:modified_time\" content=\"2022-07-15T17:04:08+00:00\" \/>\n<meta property=\"og:image\" content=\"https:\/\/ebuyhouse.ch\/en\/wp-content\/uploads\/2022\/07\/top.jpg\" \/>\n\t<meta property=\"og:image:width\" content=\"2000\" \/>\n\t<meta property=\"og:image:height\" content=\"324\" \/>\n\t<meta property=\"og:image:type\" content=\"image\/jpeg\" \/>\n<meta name=\"twitter:card\" content=\"summary_large_image\" \/>\n<meta name=\"twitter:label1\" content=\"Tempo di lettura stimato\" \/>\n\t<meta name=\"twitter:data1\" content=\"1 minuto\" \/>\n<script type=\"application\/ld+json\" class=\"yoast-schema-graph\">{\"@context\":\"https:\\\/\\\/schema.org\",\"@graph\":[{\"@type\":\"WebPage\",\"@id\":\"https:\\\/\\\/ebuyhouse.ch\\\/en\\\/it\\\/dicono-di-noi\\\/\",\"url\":\"https:\\\/\\\/ebuyhouse.ch\\\/en\\\/it\\\/dicono-di-noi\\\/\",\"name\":\"Dicono di noi\",\"isPartOf\":{\"@id\":\"https:\\\/\\\/ebuyhouse.ch\\\/en\\\/it\\\/#website\"},\"primaryImageOfPage\":{\"@id\":\"https:\\\/\\\/ebuyhouse.ch\\\/en\\\/it\\\/dicono-di-noi\\\/#primaryimage\"},\"image\":{\"@id\":\"https:\\\/\\\/ebuyhouse.ch\\\/en\\\/it\\\/dicono-di-noi\\\/#primaryimage\"},\"thumbnailUrl\":\"https:\\\/\\\/ebuyhouse.ch\\\/en\\\/wp-content\\\/uploads\\\/2022\\\/07\\\/top.jpg\",\"datePublished\":\"2022-07-15T16:56:18+00:00\",\"dateModified\":\"2022-07-15T17:04:08+00:00\",\"inLanguage\":\"it-IT\",\"potentialAction\":[{\"@type\":\"ReadAction\",\"target\":[\"https:\\\/\\\/ebuyhouse.ch\\\/en\\\/it\\\/dicono-di-noi\\\/\"]}]},{\"@type\":\"ImageObject\",\"inLanguage\":\"it-IT\",\"@id\":\"https:\\\/\\\/ebuyhouse.ch\\\/en\\\/it\\\/dicono-di-noi\\\/#primaryimage\",\"url\":\"https:\\\/\\\/ebuyhouse.ch\\\/en\\\/wp-content\\\/uploads\\\/2022\\\/07\\\/top.jpg\",\"contentUrl\":\"https:\\\/\\\/ebuyhouse.ch\\\/en\\\/wp-content\\\/uploads\\\/2022\\\/07\\\/top.jpg\",\"width\":2000,\"height\":324},{\"@type\":\"WebSite\",\"@id\":\"https:\\\/\\\/ebuyhouse.ch\\\/en\\\/it\\\/#website\",\"url\":\"https:\\\/\\\/ebuyhouse.ch\\\/en\\\/it\\\/\",\"name\":\"Ebuyhouse\",\"description\":\"Agenzia Immobiliare Lugano, appartamenti di lusso, ville\",\"potentialAction\":[{\"@type\":\"SearchAction\",\"target\":{\"@type\":\"EntryPoint\",\"urlTemplate\":\"https:\\\/\\\/ebuyhouse.ch\\\/en\\\/it\\\/?s={search_term_string}\"},\"query-input\":{\"@type\":\"PropertyValueSpecification\",\"valueRequired\":true,\"valueName\":\"search_term_string\"}}],\"inLanguage\":\"it-IT\"}]}<\/script>\n<!-- \/ Yoast SEO plugin. -->","yoast_head_json":{"title":"Dicono di noi","robots":{"index":"index","follow":"follow","max-snippet":"max-snippet:-1","max-image-preview":"max-image-preview:large","max-video-preview":"max-video-preview:-1"},"canonical":"https:\/\/ebuyhouse.ch\/en\/it\/dicono-di-noi\/","og_locale":"it_IT","og_type":"article","og_title":"Dicono di noi","og_url":"https:\/\/ebuyhouse.ch\/en\/it\/dicono-di-noi\/","og_site_name":"Ebuyhouse","article_modified_time":"2022-07-15T17:04:08+00:00","og_image":[{"width":2000,"height":324,"url":"https:\/\/ebuyhouse.ch\/en\/wp-content\/uploads\/2022\/07\/top.jpg","type":"image\/jpeg"}],"twitter_card":"summary_large_image","twitter_misc":{"Tempo di lettura stimato":"1 minuto"},"schema":{"@context":"https:\/\/schema.org","@graph":[{"@type":"WebPage","@id":"https:\/\/ebuyhouse.ch\/en\/it\/dicono-di-noi\/","url":"https:\/\/ebuyhouse.ch\/en\/it\/dicono-di-noi\/","name":"Dicono di noi","isPartOf":{"@id":"https:\/\/ebuyhouse.ch\/en\/it\/#website"},"primaryImageOfPage":{"@id":"https:\/\/ebuyhouse.ch\/en\/it\/dicono-di-noi\/#primaryimage"},"image":{"@id":"https:\/\/ebuyhouse.ch\/en\/it\/dicono-di-noi\/#primaryimage"},"thumbnailUrl":"https:\/\/ebuyhouse.ch\/en\/wp-content\/uploads\/2022\/07\/top.jpg","datePublished":"2022-07-15T16:56:18+00:00","dateModified":"2022-07-15T17:04:08+00:00","inLanguage":"it-IT","potentialAction":[{"@type":"ReadAction","target":["https:\/\/ebuyhouse.ch\/en\/it\/dicono-di-noi\/"]}]},{"@type":"ImageObject","inLanguage":"it-IT","@id":"https:\/\/ebuyhouse.ch\/en\/it\/dicono-di-noi\/#primaryimage","url":"https:\/\/ebuyhouse.ch\/en\/wp-content\/uploads\/2022\/07\/top.jpg","contentUrl":"https:\/\/ebuyhouse.ch\/en\/wp-content\/uploads\/2022\/07\/top.jpg","width":2000,"height":324},{"@type":"WebSite","@id":"https:\/\/ebuyhouse.ch\/en\/it\/#website","url":"https:\/\/ebuyhouse.ch\/en\/it\/","name":"Ebuyhouse","description":"Agenzia Immobiliare Lugano, appartamenti di lusso, ville","potentialAction":[{"@type":"SearchAction","target":{"@type":"EntryPoint","urlTemplate":"https:\/\/ebuyhouse.ch\/en\/it\/?s={search_term_string}"},"query-input":{"@type":"PropertyValueSpecification","valueRequired":true,"valueName":"search_term_string"}}],"inLanguage":"it-IT"}]}},"_links":{"self":[{"href":"https:\/\/ebuyhouse.ch\/en\/it\/wp-json\/wp\/v2\/pages\/7130","targetHints":{"allow":["GET"]}}],"collection":[{"href":"https:\/\/ebuyhouse.ch\/en\/it\/wp-json\/wp\/v2\/pages"}],"about":[{"href":"https:\/\/ebuyhouse.ch\/en\/it\/wp-json\/wp\/v2\/types\/page"}],"author":[{"embeddable":true,"href":"https:\/\/ebuyhouse.ch\/en\/it\/wp-json\/wp\/v2\/users\/1"}],"replies":[{"embeddable":true,"href":"https:\/\/ebuyhouse.ch\/en\/it\/wp-json\/wp\/v2\/comments?post=7130"}],"version-history":[{"count":0,"href":"https:\/\/ebuyhouse.ch\/en\/it\/wp-json\/wp\/v2\/pages\/7130\/revisions"}],"wp:featuredmedia":[{"embeddable":true,"href":"https:\/\/ebuyhouse.ch\/en\/it\/wp-json\/wp\/v2\/media\/7085"}],"wp:attachment":[{"href":"https:\/\/ebuyhouse.ch\/en\/it\/wp-json\/wp\/v2\/media?parent=7130"}],"curies":[{"name":"wp","href":"https:\/\/api.w.org\/{rel}","templated":true}]}}